{"id":2596,"date":"2022-04-10T11:59:45","date_gmt":"2022-04-10T09:59:45","guid":{"rendered":"http:\/\/www.rolfas.pl\/?page_id=2596"},"modified":"2022-04-10T13:39:49","modified_gmt":"2022-04-10T11:39:49","slug":"orzechy-wloskie","status":"publish","type":"page","link":"http:\/\/www.rolfas.pl\/?page_id=2596","title":{"rendered":"Orzechy W\u0142oskie"},"content":{"rendered":"\t\t<div data-elementor-type=\"wp-page\" data-elementor-id=\"2596\" class=\"elementor elementor-2596\" data-elementor-settings=\"[]\">\n\t\t\t\t\t\t<div class=\"elementor-inner\">\n\t\t\t\t\t\t\t<div class=\"elementor-section-wrap\">\n\t\t\t\t\t\t\t<section class=\"elementor-section elementor-top-section elementor-element elementor-element-a6f3d8e elementor-section-boxed elementor-section-height-default elementor-section-height-default\" data-id=\"a6f3d8e\" data-element_type=\"section\">\n\t\t\t\t\t\t<div class=\"elementor-container elementor-column-gap-default\">\n\t\t\t\t\t\t\t<div class=\"elementor-row\">\n\t\t\t\t\t<div class=\"elementor-column elementor-col-25 elementor-top-column elementor-element elementor-element-e9e94d9\" data-id=\"e9e94d9\" data-element_type=\"column\">\n\t\t\t<div class=\"elementor-column-wrap elementor-element-populated\">\n\t\t\t\t\t\t\t<div class=\"elementor-widget-wrap\">\n\t\t\t\t\t\t<div class=\"elementor-element elementor-element-85f8dd4 elementor-widget elementor-widget-image\" data-id=\"85f8dd4\" data-element_type=\"widget\" data-widget_type=\"image.default\">\n\t\t\t\t<div class=\"elementor-widget-container\">\n\t\t\t\t\t<div class=\"elementor-image\">\n\t\t\t\t\t\t\t<figure class=\"wp-caption\">\n\t\t\t\t\t\t\t\t\t\t\t<a href=\"http:\/\/www.rolfas.pl\/wp-content\/uploads\/2022\/04\/Orzech-Wloski-caly.jpg\" data-elementor-open-lightbox=\"yes\" data-elementor-lightbox-title=\"Orzech W\u0142oski ca\u0142y\">\n\t\t\t\t\t\t\t<img width=\"768\" height=\"1024\" src=\"http:\/\/www.rolfas.pl\/wp-content\/uploads\/2022\/04\/Orzech-Wloski-caly-768x1024.jpg\" class=\"attachment-large size-large\" alt=\"\" loading=\"lazy\" srcset=\"http:\/\/www.rolfas.pl\/wp-content\/uploads\/2022\/04\/Orzech-Wloski-caly-768x1024.jpg 768w, http:\/\/www.rolfas.pl\/wp-content\/uploads\/2022\/04\/Orzech-Wloski-caly-225x300.jpg 225w, http:\/\/www.rolfas.pl\/wp-content\/uploads\/2022\/04\/Orzech-Wloski-caly-1152x1536.jpg 1152w, http:\/\/www.rolfas.pl\/wp-content\/uploads\/2022\/04\/Orzech-Wloski-caly-600x800.jpg 600w, http:\/\/www.rolfas.pl\/wp-content\/uploads\/2022\/04\/Orzech-Wloski-caly.jpg 1200w\" sizes=\"(max-width: 768px) 100vw, 768px\" \/>\t\t\t\t\t\t\t\t<\/a>\n\t\t\t\t\t\t\t\t\t\t\t<figcaption class=\"widget-image-caption wp-caption-text\">Orzech W\u0142oski ca\u0142y<\/figcaption>\n\t\t\t\t\t\t\t\t\t\t<\/figure>\n\t\t\t\t\t<\/div>\n\t\t\t\t<\/div>\n\t\t\t\t<\/div>\n\t\t\t\t\t\t<\/div>\n\t\t\t\t\t<\/div>\n\t\t<\/div>\n\t\t\t\t<div class=\"elementor-column elementor-col-25 elementor-top-column elementor-element elementor-element-1964b0e\" data-id=\"1964b0e\" data-element_type=\"column\">\n\t\t\t<div class=\"elementor-column-wrap elementor-element-populated\">\n\t\t\t\t\t\t\t<div class=\"elementor-widget-wrap\">\n\t\t\t\t\t\t<div class=\"elementor-element elementor-element-bd05a23 elementor-widget elementor-widget-image\" data-id=\"bd05a23\" data-element_type=\"widget\" data-widget_type=\"image.default\">\n\t\t\t\t<div class=\"elementor-widget-container\">\n\t\t\t\t\t<div class=\"elementor-image\">\n\t\t\t\t\t\t\t<figure class=\"wp-caption\">\n\t\t\t\t\t\t\t\t\t\t\t<a href=\"http:\/\/www.rolfas.pl\/wp-content\/uploads\/2022\/04\/Orzech-Wloski.jpg\" data-elementor-open-lightbox=\"yes\" data-elementor-lightbox-title=\"Orzech W\u0142oski\">\n\t\t\t\t\t\t\t<img width=\"768\" height=\"1024\" src=\"http:\/\/www.rolfas.pl\/wp-content\/uploads\/2022\/04\/Orzech-Wloski-768x1024.jpg\" class=\"attachment-large size-large\" alt=\"\" loading=\"lazy\" srcset=\"http:\/\/www.rolfas.pl\/wp-content\/uploads\/2022\/04\/Orzech-Wloski-768x1024.jpg 768w, http:\/\/www.rolfas.pl\/wp-content\/uploads\/2022\/04\/Orzech-Wloski-225x300.jpg 225w, http:\/\/www.rolfas.pl\/wp-content\/uploads\/2022\/04\/Orzech-Wloski-1152x1536.jpg 1152w, http:\/\/www.rolfas.pl\/wp-content\/uploads\/2022\/04\/Orzech-Wloski-600x800.jpg 600w, http:\/\/www.rolfas.pl\/wp-content\/uploads\/2022\/04\/Orzech-Wloski.jpg 1200w\" sizes=\"(max-width: 768px) 100vw, 768px\" \/>\t\t\t\t\t\t\t\t<\/a>\n\t\t\t\t\t\t\t\t\t\t\t<figcaption class=\"widget-image-caption wp-caption-text\">Orzech W\u0142oski<\/figcaption>\n\t\t\t\t\t\t\t\t\t\t<\/figure>\n\t\t\t\t\t<\/div>\n\t\t\t\t<\/div>\n\t\t\t\t<\/div>\n\t\t\t\t\t\t<\/div>\n\t\t\t\t\t<\/div>\n\t\t<\/div>\n\t\t\t\t<div class=\"elementor-column elementor-col-25 elementor-top-column elementor-element elementor-element-5e97135\" data-id=\"5e97135\" data-element_type=\"column\">\n\t\t\t<div class=\"elementor-column-wrap elementor-element-populated\">\n\t\t\t\t\t\t\t<div class=\"elementor-widget-wrap\">\n\t\t\t\t\t\t<div class=\"elementor-element elementor-element-8c4871e elementor-widget elementor-widget-image\" data-id=\"8c4871e\" data-element_type=\"widget\" data-widget_type=\"image.default\">\n\t\t\t\t<div class=\"elementor-widget-container\">\n\t\t\t\t\t<div class=\"elementor-image\">\n\t\t\t\t\t\t\t<figure class=\"wp-caption\">\n\t\t\t\t\t\t\t\t\t\t\t<a href=\"http:\/\/www.rolfas.pl\/wp-content\/uploads\/2022\/04\/Orzech-Wloski100-g.jpg\" data-elementor-open-lightbox=\"yes\" data-elementor-lightbox-title=\"Orzech W\u0142oski100 g\">\n\t\t\t\t\t\t\t<img width=\"768\" height=\"1024\" src=\"http:\/\/www.rolfas.pl\/wp-content\/uploads\/2022\/04\/Orzech-Wloski100-g-768x1024.jpg\" class=\"attachment-large size-large\" alt=\"\" loading=\"lazy\" srcset=\"http:\/\/www.rolfas.pl\/wp-content\/uploads\/2022\/04\/Orzech-Wloski100-g-768x1024.jpg 768w, http:\/\/www.rolfas.pl\/wp-content\/uploads\/2022\/04\/Orzech-Wloski100-g-225x300.jpg 225w, http:\/\/www.rolfas.pl\/wp-content\/uploads\/2022\/04\/Orzech-Wloski100-g-1152x1536.jpg 1152w, http:\/\/www.rolfas.pl\/wp-content\/uploads\/2022\/04\/Orzech-Wloski100-g-600x800.jpg 600w, http:\/\/www.rolfas.pl\/wp-content\/uploads\/2022\/04\/Orzech-Wloski100-g.jpg 1200w\" sizes=\"(max-width: 768px) 100vw, 768px\" \/>\t\t\t\t\t\t\t\t<\/a>\n\t\t\t\t\t\t\t\t\t\t\t<figcaption class=\"widget-image-caption wp-caption-text\">Orzech W\u0142oski - Opakowanie 100 g<\/figcaption>\n\t\t\t\t\t\t\t\t\t\t<\/figure>\n\t\t\t\t\t<\/div>\n\t\t\t\t<\/div>\n\t\t\t\t<\/div>\n\t\t\t\t\t\t<\/div>\n\t\t\t\t\t<\/div>\n\t\t<\/div>\n\t\t\t\t<div class=\"elementor-column elementor-col-25 elementor-top-column elementor-element elementor-element-793f887\" data-id=\"793f887\" data-element_type=\"column\">\n\t\t\t<div class=\"elementor-column-wrap elementor-element-populated\">\n\t\t\t\t\t\t\t<div class=\"elementor-widget-wrap\">\n\t\t\t\t\t\t<div class=\"elementor-element elementor-element-5c78965 elementor-widget elementor-widget-image\" data-id=\"5c78965\" data-element_type=\"widget\" data-widget_type=\"image.default\">\n\t\t\t\t<div class=\"elementor-widget-container\">\n\t\t\t\t\t<div class=\"elementor-image\">\n\t\t\t\t\t\t\t<figure class=\"wp-caption\">\n\t\t\t\t\t\t\t\t\t\t\t<a href=\"http:\/\/www.rolfas.pl\/wp-content\/uploads\/2022\/04\/Orzech-Wloski-25-kg.jpg\" data-elementor-open-lightbox=\"yes\" data-elementor-lightbox-title=\"Orzech W\u0142oski 2,5 kg\">\n\t\t\t\t\t\t\t<img width=\"768\" height=\"1024\" src=\"http:\/\/www.rolfas.pl\/wp-content\/uploads\/2022\/04\/Orzech-Wloski-25-kg-768x1024.jpg\" class=\"attachment-large size-large\" alt=\"\" loading=\"lazy\" srcset=\"http:\/\/www.rolfas.pl\/wp-content\/uploads\/2022\/04\/Orzech-Wloski-25-kg-768x1024.jpg 768w, http:\/\/www.rolfas.pl\/wp-content\/uploads\/2022\/04\/Orzech-Wloski-25-kg-225x300.jpg 225w, http:\/\/www.rolfas.pl\/wp-content\/uploads\/2022\/04\/Orzech-Wloski-25-kg-1152x1536.jpg 1152w, http:\/\/www.rolfas.pl\/wp-content\/uploads\/2022\/04\/Orzech-Wloski-25-kg-600x800.jpg 600w, http:\/\/www.rolfas.pl\/wp-content\/uploads\/2022\/04\/Orzech-Wloski-25-kg.jpg 1200w\" sizes=\"(max-width: 768px) 100vw, 768px\" \/>\t\t\t\t\t\t\t\t<\/a>\n\t\t\t\t\t\t\t\t\t\t\t<figcaption class=\"widget-image-caption wp-caption-text\">Orzech W\u0142oski - Opakowanie 2,5 kg<\/figcaption>\n\t\t\t\t\t\t\t\t\t\t<\/figure>\n\t\t\t\t\t<\/div>\n\t\t\t\t<\/div>\n\t\t\t\t<\/div>\n\t\t\t\t\t\t<\/div>\n\t\t\t\t\t<\/div>\n\t\t<\/div>\n\t\t\t\t\t\t\t\t<\/div>\n\t\t\t\t\t<\/div>\n\t\t<\/section>\n\t\t\t\t\t\t<\/div>\n\t\t\t\t\t\t<\/div>\n\t\t\t\t\t<\/div>\n\t\t","protected":false},"excerpt":{"rendered":"<p>Orzech W\u0142oski ca\u0142y Orzech W\u0142oski Orzech W\u0142oski &#8211; Opakowanie 100 g Orzech W\u0142oski &#8211; Opakowanie 2,5 kg<\/p>\n","protected":false},"author":1,"featured_media":0,"parent":0,"menu_order":0,"comment_status":"closed","ping_status":"closed","template":"","meta":[],"_links":{"self":[{"href":"http:\/\/www.rolfas.pl\/index.php?rest_route=\/wp\/v2\/pages\/2596"}],"collection":[{"href":"http:\/\/www.rolfas.pl\/index.php?rest_route=\/wp\/v2\/pages"}],"about":[{"href":"http:\/\/www.rolfas.pl\/index.php?rest_route=\/wp\/v2\/types\/page"}],"author":[{"embeddable":true,"href":"http:\/\/www.rolfas.pl\/index.php?rest_route=\/wp\/v2\/users\/1"}],"replies":[{"embeddable":true,"href":"http:\/\/www.rolfas.pl\/index.php?rest_route=%2Fwp%2Fv2%2Fcomments&post=2596"}],"version-history":[{"count":10,"href":"http:\/\/www.rolfas.pl\/index.php?rest_route=\/wp\/v2\/pages\/2596\/revisions"}],"predecessor-version":[{"id":2721,"href":"http:\/\/www.rolfas.pl\/index.php?rest_route=\/wp\/v2\/pages\/2596\/revisions\/2721"}],"wp:attachment":[{"href":"http:\/\/www.rolfas.pl\/index.php?rest_route=%2Fwp%2Fv2%2Fmedia&parent=2596"}],"curies":[{"name":"wp","href":"https:\/\/api.w.org\/{rel}","templated":true}]}}